{"id":139,"date":"2023-06-29T01:37:27","date_gmt":"2023-06-29T01:37:27","guid":{"rendered":"http:\/\/ai-with-roche-phase-2.local\/?page_id=139"},"modified":"2024-05-14T11:35:18","modified_gmt":"2024-05-14T11:35:18","slug":"chercheurs","status":"publish","type":"page","link":"https:\/\/aiwithroche.ca\/fr\/chercheurs\/","title":{"rendered":"Chercheurs"},"content":{"rendered":"\n<div class=\"section-anchor\" id=\"\"><\/div><section style=\"background-color:#f0e9e1\" class=\"wp-block-aiwithroche-section banner\">\n<div class=\"wp-block-aiwithroche-singlecolumn container\"><div class=\"container-inner\">\n<div class=\"wp-block-columns is-layout-flex wp-container-3 wp-block-columns-is-layout-flex\">\n<div class=\"wp-block-column is-layout-flow wp-block-column-is-layout-flow\">\n<p class=\"eyebrow\">CHERCHEURS<\/p>\n\n\n\n<h1 class=\"wp-block-heading\">Collaborer pour g\u00e9n\u00e9rer des retomb\u00e9es importantes<\/h1>\n<\/div>\n\n\n\n<div class=\"wp-block-column is-layout-flow wp-block-column-is-layout-flow\">\n<figure class=\"wp-block-image size-large\"><img decoding=\"async\" loading=\"lazy\" width=\"1024\" height=\"579\" src=\"https:\/\/d2pho58alywaeq.cloudfront.net\/fr\/wp-content\/uploads\/sites\/2\/2023\/06\/AIR-banner-illustration-researchers-1-1024x579.png\" alt=\"\" class=\"wp-image-214\" srcset=\"https:\/\/aiwithroche.ca\/fr\/wp-content\/uploads\/sites\/2\/2023\/06\/AIR-banner-illustration-researchers-1-1024x579.png 1024w, https:\/\/aiwithroche.ca\/fr\/wp-content\/uploads\/sites\/2\/2023\/06\/AIR-banner-illustration-researchers-1-300x170.png 300w, https:\/\/aiwithroche.ca\/fr\/wp-content\/uploads\/sites\/2\/2023\/06\/AIR-banner-illustration-researchers-1-768x434.png 768w, https:\/\/aiwithroche.ca\/fr\/wp-content\/uploads\/sites\/2\/2023\/06\/AIR-banner-illustration-researchers-1.png 1250w\" sizes=\"(max-width: 1024px) 100vw, 1024px\" \/><\/figure>\n<\/div>\n<\/div>\n<\/div><\/div>\n<\/section>\n\n\n\n<div class=\"wp-block-aiwithroche-anchorlinks anchor-list\"><div class=\"container\"><div class=\"container-inner\"><div class=\"sizer\">\n<a href=\"#what-we-do\" class=\"wp-block-aiwithroche-anchorlink anchor-link\">Ce que nous faisons<\/a>\n\n\n\n<a href=\"#our-approach\" class=\"wp-block-aiwithroche-anchorlink anchor-link\">Notre approche<\/a>\n\n\n\n<a href=\"#case-study\" class=\"wp-block-aiwithroche-anchorlink anchor-link\">\u00c9tude de cas<\/a>\n\n\n\n<a href=\"#career-opportunities\" class=\"wp-block-aiwithroche-anchorlink anchor-link\">Possibilit\u00e9s de carri\u00e8re<\/a>\n<\/div><\/div><\/div><\/div>\n\n\n\n<div class=\"section-anchor\" id=\"what-we-do\"><\/div><section style=\"background-color:#fff\" class=\"wp-block-aiwithroche-section\">\n<div class=\"wp-block-aiwithroche-singlecolumn container\"><div class=\"container-inner\">\n<div class=\"wp-block-columns is-layout-flex wp-container-6 wp-block-columns-is-layout-flex\">\n<div class=\"wp-block-column is-layout-flow wp-block-column-is-layout-flow\">\n<h2 class=\"wp-block-heading eyebrow--blue\">Ce que nous faisons<\/h2>\n\n\n\n<p class=\"h3\">Pour faire face aux enjeux de sant\u00e9 contemporains, aiR cr\u00e9e un espace de travail collaboratif en vue de promouvoir les efforts de recherche conjoints parmi les chercheurs, les sp\u00e9cialistes et les scientifiques.<\/p>\n\n\n\n<p class=\"h3\">Roche s\u2019engage \u00e0 cr\u00e9er une communaut\u00e9 dynamique ax\u00e9e sur l\u2019innovation en vue de trouver des solutions concr\u00e8tes aux probl\u00e8mes qui caract\u00e9risent le secteur des soins de sant\u00e9 actuel.<br><\/p>\n<\/div>\n\n\n\n<div class=\"wp-block-column is-layout-flow wp-block-column-is-layout-flow\">\n<figure class=\"wp-block-image size-full small-image\"><img decoding=\"async\" loading=\"lazy\" width=\"844\" height=\"796\" src=\"https:\/\/d2pho58alywaeq.cloudfront.net\/fr\/wp-content\/uploads\/sites\/2\/2023\/07\/Researcher-Ecosystem.png\" alt=\"\" class=\"wp-image-277\" srcset=\"https:\/\/aiwithroche.ca\/fr\/wp-content\/uploads\/sites\/2\/2023\/07\/Researcher-Ecosystem.png 844w, https:\/\/aiwithroche.ca\/fr\/wp-content\/uploads\/sites\/2\/2023\/07\/Researcher-Ecosystem-300x283.png 300w, https:\/\/aiwithroche.ca\/fr\/wp-content\/uploads\/sites\/2\/2023\/07\/Researcher-Ecosystem-768x724.png 768w\" sizes=\"(max-width: 844px) 100vw, 844px\" \/><\/figure>\n<\/div>\n<\/div>\n<\/div><\/div>\n<\/section>\n\n\n\n<div class=\"section-anchor\" id=\"\"><\/div><section style=\"background-color:#F7F9FB\" class=\"wp-block-aiwithroche-section\">\n<div class=\"wp-block-aiwithroche-singlecolumn container--medium  container-medium\"><div class=\"container-inner\">\n    <div class=\"tabs\">\n      <div class=\"tab-navigation\" role=\"tablist\">\n        <div class=\"tab-navigation-line\"><\/div>\n            <button class=\"tab-navigation-item active\" role=\"tab\" aria-selected=\"true\"\n                >S\u00e9curit\u00e9 et \u00e9thique<\/button>\n            <button class=\"tab-navigation-item\" role=\"tab\" aria-selected=\"false\"\n                >Recherches de pointe en IA<\/button>\n            <button class=\"tab-navigation-item\" role=\"tab\" aria-selected=\"false\"\n                >Partenariats<\/button>\n            <button class=\"tab-navigation-item\" role=\"tab\" aria-selected=\"false\"\n                >Mobilisation de l\u2019IA dans la pratique<\/button>\n      <\/div>\n      <div class=\"tab-content\" role=\"tabpanel\">\n        \n<div class=\"wp-block-aiwithroche-tab tab\">\n<div class=\"wp-block-columns is-layout-flex wp-container-26 wp-block-columns-is-layout-flex\">\n<div class=\"wp-block-column is-layout-flow wp-block-column-is-layout-flow\">\n<div class=\"wp-block-cover is-light\"><span aria-hidden=\"true\" class=\"wp-block-cover__background has-background-dim-0 has-background-dim\"><\/span><img decoding=\"async\" loading=\"lazy\" width=\"465\" height=\"325\" class=\"wp-block-cover__image-background wp-image-890\" alt=\"\" src=\"https:\/\/d2pho58alywaeq.cloudfront.net\/fr\/wp-content\/uploads\/sites\/2\/2023\/09\/Safety-Ethics.jpg\" style=\"object-position:50% 54%\" data-object-fit=\"cover\" data-object-position=\"50% 54%\" srcset=\"https:\/\/aiwithroche.ca\/fr\/wp-content\/uploads\/sites\/2\/2023\/09\/Safety-Ethics.jpg 465w, https:\/\/aiwithroche.ca\/fr\/wp-content\/uploads\/sites\/2\/2023\/09\/Safety-Ethics-300x210.jpg 300w\" sizes=\"(max-width: 465px) 100vw, 465px\" \/><div class=\"wp-block-cover__inner-container is-layout-flow wp-block-cover-is-layout-flow\">\n<p class=\"has-text-align-center has-large-font-size\"><\/p>\n<\/div><\/div>\n<\/div>\n\n\n\n<div class=\"wp-block-column is-layout-flow wp-block-column-is-layout-flow\">\n<h2 class=\"wp-block-heading\">S\u00e9curit\u00e9 et \u00e9thique<\/h2>\n\n\n\n<p>Afin de garantir des r\u00e9sultats \u00e9thiques et responsables dans nos collaborations, nos m\u00e9thodes de mise en \u0153uvre clinique et la conception de nos solutions d\u2019IA, nous devons imp\u00e9rativement \u00e9tablir et respecter des normes irr\u00e9prochables. En int\u00e9grant ces principes \u00e9thiques de mani\u00e8re strat\u00e9gique, nous pouvons gagner la confiance des gens et cr\u00e9er des liens solides, acc\u00e9l\u00e9rant ainsi les d\u00e9couvertes scientifiques au sein d\u2019\u00e9cosyst\u00e8mes durables.<\/p>\n\n\n\n<p>Nous nous effor\u00e7ons de cr\u00e9er des solutions qui respectent les principes fondamentaux de l\u2019IA responsable, tels que l\u2019att\u00e9nuation des pr\u00e9jug\u00e9s potentiels, la protection de la confidentialit\u00e9 des donn\u00e9es et l\u2019exactitude des renseignements. L\u2019\u00e9quit\u00e9 et l\u2019explicabilit\u00e9 constituent des facteurs cruciaux dans la conception de nos mod\u00e8les.<\/p>\n<\/div>\n<\/div>\n<\/div>\n\n<div class=\"wp-block-aiwithroche-tab tab\">\n<div class=\"wp-block-columns is-layout-flex wp-container-30 wp-block-columns-is-layout-flex\">\n<div class=\"wp-block-column is-layout-flow wp-block-column-is-layout-flow\">\n<div class=\"wp-block-cover is-light\"><span aria-hidden=\"true\" class=\"wp-block-cover__background has-background-dim-0 has-background-dim\"><\/span><img decoding=\"async\" loading=\"lazy\" width=\"466\" height=\"326\" class=\"wp-block-cover__image-background wp-image-891\" alt=\"\" src=\"https:\/\/d2pho58alywaeq.cloudfront.net\/fr\/wp-content\/uploads\/sites\/2\/2023\/09\/Leading-Edge-AI-Research.jpg\" data-object-fit=\"cover\" srcset=\"https:\/\/aiwithroche.ca\/fr\/wp-content\/uploads\/sites\/2\/2023\/09\/Leading-Edge-AI-Research.jpg 466w, https:\/\/aiwithroche.ca\/fr\/wp-content\/uploads\/sites\/2\/2023\/09\/Leading-Edge-AI-Research-300x210.jpg 300w\" sizes=\"(max-width: 466px) 100vw, 466px\" \/><div class=\"wp-block-cover__inner-container is-layout-flow wp-block-cover-is-layout-flow\">\n<p class=\"has-text-align-center has-large-font-size\"><\/p>\n<\/div><\/div>\n<\/div>\n\n\n\n<div class=\"wp-block-column is-layout-flow wp-block-column-is-layout-flow\">\n<h2 class=\"wp-block-heading\">Recherches de pointe en IA<\/h2>\n\n\n\n<p>Chez Roche, nous mettons \u00e0 profit le pouvoir de l\u2019IA et de l\u2019apprentissage machine dans plusieurs domaines fondamentaux, notamment la compr\u00e9hension des maladies, la d\u00e9couverte de m\u00e9dicaments et l\u2019am\u00e9lioration de la prestation des soins de sant\u00e9. Notre objectif est de faire progresser les avanc\u00e9es li\u00e9es \u00e0 la sant\u00e9 en int\u00e9grant la recherche de pointe, un appui financier cibl\u00e9 et un acc\u00e8s \u00e0 des ensembles de donn\u00e9es sur la sant\u00e9 de grande qualit\u00e9.<\/p>\n<\/div>\n<\/div>\n<\/div>\n\n<div class=\"wp-block-aiwithroche-tab tab\">\n<div class=\"wp-block-columns is-layout-flex wp-container-34 wp-block-columns-is-layout-flex\">\n<div class=\"wp-block-column is-layout-flow wp-block-column-is-layout-flow\">\n<div class=\"wp-block-cover is-light\"><span aria-hidden=\"true\" class=\"wp-block-cover__background has-background-dim-0 has-background-dim\"><\/span><img decoding=\"async\" loading=\"lazy\" width=\"466\" height=\"326\" class=\"wp-block-cover__image-background wp-image-892\" alt=\"\" src=\"https:\/\/d2pho58alywaeq.cloudfront.net\/fr\/wp-content\/uploads\/sites\/2\/2023\/09\/facilitating-partnerships.jpg\" data-object-fit=\"cover\" srcset=\"https:\/\/aiwithroche.ca\/fr\/wp-content\/uploads\/sites\/2\/2023\/09\/facilitating-partnerships.jpg 466w, https:\/\/aiwithroche.ca\/fr\/wp-content\/uploads\/sites\/2\/2023\/09\/facilitating-partnerships-300x210.jpg 300w\" sizes=\"(max-width: 466px) 100vw, 466px\" \/><div class=\"wp-block-cover__inner-container is-layout-flow wp-block-cover-is-layout-flow\">\n<p class=\"has-text-align-center has-large-font-size\"><\/p>\n<\/div><\/div>\n<\/div>\n\n\n\n<div class=\"wp-block-column is-layout-flow wp-block-column-is-layout-flow\">\n<h2 class=\"wp-block-heading\">Partenariats<\/h2>\n\n\n\n<p>Avec aiR, nous visons \u00e0 promouvoir et \u00e0 soutenir activement les collaborations au sein de la communaut\u00e9 de recherche. En \u00e9tablissant des partenariats durables avec les communaut\u00e9s universitaires, nous pouvons faciliter l\u2019\u00e9change de connaissances et am\u00e9liorer les solutions d\u2019IA, dans le but ultime de stimuler l\u2019innovation scientifique.<\/p>\n<\/div>\n<\/div>\n<\/div>\n\n<div class=\"wp-block-aiwithroche-tab tab\">\n<div class=\"wp-block-columns is-layout-flex wp-container-38 wp-block-columns-is-layout-flex\">\n<div class=\"wp-block-column is-layout-flow wp-block-column-is-layout-flow\">\n<div class=\"wp-block-cover is-light\"><span aria-hidden=\"true\" class=\"wp-block-cover__background has-background-dim-0 has-background-dim\"><\/span><img decoding=\"async\" loading=\"lazy\" width=\"466\" height=\"326\" class=\"wp-block-cover__image-background wp-image-893\" alt=\"\" src=\"https:\/\/d2pho58alywaeq.cloudfront.net\/fr\/wp-content\/uploads\/sites\/2\/2023\/09\/mobilizing-ai.jpg\" style=\"object-position:32% 44%\" data-object-fit=\"cover\" data-object-position=\"32% 44%\" srcset=\"https:\/\/aiwithroche.ca\/fr\/wp-content\/uploads\/sites\/2\/2023\/09\/mobilizing-ai.jpg 466w, https:\/\/aiwithroche.ca\/fr\/wp-content\/uploads\/sites\/2\/2023\/09\/mobilizing-ai-300x210.jpg 300w\" sizes=\"(max-width: 466px) 100vw, 466px\" \/><div class=\"wp-block-cover__inner-container is-layout-flow wp-block-cover-is-layout-flow\">\n<p class=\"has-text-align-center has-large-font-size\"><\/p>\n<\/div><\/div>\n<\/div>\n\n\n\n<div class=\"wp-block-column is-layout-flow wp-block-column-is-layout-flow\">\n<h2 class=\"wp-block-heading\">Mobilisation de l\u2019IA dans la pratique<\/h2>\n\n\n\n<p>L\u2019utilisation de l\u2019IA dans le secteur des soins de sant\u00e9 pr\u00e9sente un potentiel \u00e9norme pour ce qui est de l\u2019am\u00e9lioration des r\u00e9sultats pour les patients et du soutien aux professionnels de la sant\u00e9. Cependant, pour que les patients aient acc\u00e8s aux solutions d\u2019IA, il faut passer par un processus complexe et exigeant. Chez aiR, nous estimons que ces obstacles peuvent \u00eatre att\u00e9nu\u00e9s en cr\u00e9ant un milieu florissant compos\u00e9 d\u2019intervenants mobilis\u00e9s qui travaillent ensemble pour faire progresser des initiatives dans l\u2019ensemble de l\u2019\u00e9cosyst\u00e8me de sant\u00e9.<\/p>\n<\/div>\n<\/div>\n<\/div>\n\n        <\/div>\n    <\/div><\/div><\/div>\n<\/section>\n\n\n\n<div class=\"section-anchor\" id=\"our-approach\"><\/div><section style=\"background-color:#fff\" class=\"wp-block-aiwithroche-section\">\n<div class=\"wp-block-aiwithroche-singlecolumn container\"><div class=\"container-inner\">\n<h2 class=\"wp-block-heading eyebrow--blue\">NOTRE APPROCHE<\/h2>\n<\/div><\/div>\n\n\n\n<div class=\"wp-block-aiwithroche-singlecolumn container\"><div class=\"container-inner\">\n<div class=\"wp-block-columns is-layout-flex wp-container-41 wp-block-columns-is-layout-flex\">\n<div class=\"wp-block-column col-564 is-layout-flow wp-block-column-is-layout-flow\">\n<h3 class=\"wp-block-heading h1\">Science ouverte<\/h3>\n\n\n\n<p class=\"col-540 semibold has-x-large-font-size\">Favoriser et adopter la science ouverte pour un meilleur syst\u00e8me de soins de sant\u00e9.<\/p>\n<\/div>\n\n\n\n<div class=\"wp-block-column is-layout-flow wp-block-column-is-layout-flow\">\n<p class=\"has-medium-font-size\">Dans nos \u00e9cosyst\u00e8mes d\u2019innovation aiR, les normes de pratique s\u2019articulent autour de la science ouverte, qui met l\u2019accent sur la mobilisation de la communaut\u00e9, un acc\u00e8s universel aux donn\u00e9es et l\u2019acc\u00e8s public aux solutions. Notre approche ax\u00e9e sur la science ouverte, cr\u00e9\u00e9e en collaboration avec des intervenants du secteur de la sant\u00e9, transforme l\u2019acc\u00e8s aux donn\u00e9es ouvertes sur la sant\u00e9 en un appel \u00e0 l\u2019action pour les communaut\u00e9s sp\u00e9cialis\u00e9es dans l\u2019IA et la science des donn\u00e9es.<\/p>\n\n\n\n<p class=\"has-medium-font-size\">Notre objectif est d\u2019\u00e9tablir, au sein de l\u2019\u00e9cosyst\u00e8me de soins de sant\u00e9, des partenariats durables fond\u00e9s sur la confiance et sur notre mission commune afin d\u2019am\u00e9liorer les r\u00e9sultats pour les patients.<\/p>\n<\/div>\n<\/div>\n<\/div><\/div>\n<\/section>\n\n\n\n<section class=\"wp-block-cover cta-banner\"><span aria-hidden=\"true\" class=\"wp-block-cover__background has-background-dim-0 has-background-dim\"><\/span><img decoding=\"async\" loading=\"lazy\" width=\"2560\" height=\"1164\" class=\"wp-block-cover__image-background wp-image-895\" alt=\"\" src=\"https:\/\/d2pho58alywaeq.cloudfront.net\/fr\/wp-content\/uploads\/sites\/2\/2023\/09\/Community-Driven-Open-Science-scaled-1.jpg\" data-object-fit=\"cover\" srcset=\"https:\/\/aiwithroche.ca\/fr\/wp-content\/uploads\/sites\/2\/2023\/09\/Community-Driven-Open-Science-scaled-1.jpg 2560w, https:\/\/aiwithroche.ca\/fr\/wp-content\/uploads\/sites\/2\/2023\/09\/Community-Driven-Open-Science-scaled-1-300x136.jpg 300w, https:\/\/aiwithroche.ca\/fr\/wp-content\/uploads\/sites\/2\/2023\/09\/Community-Driven-Open-Science-scaled-1-1024x466.jpg 1024w, https:\/\/aiwithroche.ca\/fr\/wp-content\/uploads\/sites\/2\/2023\/09\/Community-Driven-Open-Science-scaled-1-768x349.jpg 768w, https:\/\/aiwithroche.ca\/fr\/wp-content\/uploads\/sites\/2\/2023\/09\/Community-Driven-Open-Science-scaled-1-1536x698.jpg 1536w, https:\/\/aiwithroche.ca\/fr\/wp-content\/uploads\/sites\/2\/2023\/09\/Community-Driven-Open-Science-scaled-1-2048x931.jpg 2048w\" sizes=\"(max-width: 2560px) 100vw, 2560px\" \/><div class=\"wp-block-cover__inner-container is-layout-flow wp-block-cover-is-layout-flow\">\n<h4 class=\"wp-block-heading has-text-align-center\">Science ouverte ax\u00e9e sur la communaut\u00e9 IA&nbsp;: un cadre de recherche r\u00e9volutionnaire<\/h4>\n\n\n\n<p class=\"has-text-align-center\">La science ouverte vise \u00e0 am\u00e9liorer la transparence, l\u2019inclusivit\u00e9 et l\u2019ouverture d\u2019esprit tout au long du processus de recherche scientifique. De nombreux exemples montrent comment la science ouverte a permis d\u2019acc\u00e9l\u00e9rer la cr\u00e9ation de solutions visant \u00e0 am\u00e9liorer la sant\u00e9 publique. Chez aiR, nous croyons que la science ouverte peut transformer les soins de sant\u00e9 de mani\u00e8re positive en am\u00e9liorant l\u2019acc\u00e8s aux traitements, la prise de d\u00e9cisions, la mobilisation des patients et les r\u00e9sultats pour la sant\u00e9.<\/p>\n\n\n\n<a href=\"#\" class=\"wp-block-aiwithroche-linkbutton button\" style=\"background-color:#FD7372\" target=\"_blank\" rel=\"noopener\">LIRE L\u2019ARTICLE<div class=\"button-icon-link\"><\/div><\/a>\n<\/div><\/section>\n\n\n\n<div class=\"section-anchor\" id=\"case-study\"><\/div><section style=\"background-color:#fff\" class=\"wp-block-aiwithroche-section\">\n<div class=\"wp-block-aiwithroche-singlecolumn container\"><div class=\"container-inner\">\n<div class=\"wp-block-columns is-layout-flex wp-container-46 wp-block-columns-is-layout-flex\">\n<div class=\"wp-block-column is-layout-flow wp-block-column-is-layout-flow\">\n<h2 class=\"wp-block-heading eyebrow--blue\">\u00c9tude de cas<\/h2>\n\n\n\n<h3 class=\"wp-block-heading h2\">Plateforme intelligente de pr\u00e9cision en oncologie pour cr\u00e9er des biomarqueurs fond\u00e9s sur l\u2019ARN en vue de pr\u00e9dire la r\u00e9ponse \u00e0 un m\u00e9dicament<\/h3>\n\n\n\n<p class=\"has-medium-font-size\"><em>Une collaboration avec le R\u00e9seau universitaire de sant\u00e9<\/em><\/p>\n\n\n\n<div style=\"height:24px\" aria-hidden=\"true\" class=\"wp-block-spacer\"><\/div>\n\n\n\n<div class=\"wp-block-group col-540 is-layout-constrained wp-block-group-is-layout-constrained\">\n<p>Dans le domaine de l\u2019oncologie de pr\u00e9cision, l\u2019am\u00e9lioration de la s\u00e9lection d\u2019un traitement appropri\u00e9 pour un patient donn\u00e9 constitue un d\u00e9fi important. Les initiatives actuelles ont montr\u00e9 une faible proportion de patients pr\u00e9sentant des mutations tumorales exploitables associ\u00e9es \u00e0 la r\u00e9ponse \u00e0 un m\u00e9dicament.<\/p>\n\n\n\n<p>Ce projet vise \u00e0 cr\u00e9er une plateforme intelligente \u00e0 l\u2019aide de donn\u00e9es sur le s\u00e9quen\u00e7age de l\u2019ARN en vue de faciliter l\u2019appariement de chaque patient atteint d\u2019un cancer \u00e0 un traitement appropri\u00e9. La principale innovation du syst\u00e8me consiste \u00e0 exploiter les donn\u00e9es pharmacog\u00e9nomiques pr\u00e9cliniques \u00e0 grande \u00e9chelle, en plus de divers ensembles de donn\u00e9es cliniques afin d\u2019\u00e9largir le bassin de biomarqueurs permettant de pr\u00e9dire la r\u00e9ponse \u00e0 un m\u00e9dicament.<\/p>\n<\/div>\n\n\n\n<div style=\"height:24px\" aria-hidden=\"true\" class=\"wp-block-spacer\"><\/div>\n\n\n\n<a href=\"https:\/\/www.bhklab.ca\/\" class=\"wp-block-aiwithroche-linkbutton button\" style=\"background-color:#FD7372\" target=\"_blank\" rel=\"noopener\">RLIRE L\u2019\u00c9TUDE DE CAS COMPL\u00c8TE\n<div class=\"button-icon-link\"><\/div><\/a>\n<\/div>\n\n\n\n<div class=\"wp-block-column is-layout-flow wp-block-column-is-layout-flow\">\n<div class=\"wp-block-aiwithroche-quote quote\"><div class=\"quote-content\"><img decoding=\"async\" src=\"\/wp-content\/themes\/air\/assets\/images\/icons\/quote.svg\" class=\"quote-icon\"\/><div class=\"quote-text\">\n<p>\u00ab&nbsp;Le fait de travailler en \u00e9troite collaboration avec Roche a vraiment augment\u00e9 le potentiel transactionnel de notre projet. L\u2019expertise compl\u00e9mentaire et la vision unique de nos collaborateurs de Roche nous ont permis de nous concentrer sur la cr\u00e9ation d\u2019un processus de d\u00e9couverte de biomarqueurs des plus novateurs et pertinents sur le plan clinique, tout en respectant les principes fondamentaux de la science ouverte. Une combinaison gagnante!&nbsp;&laquo; <\/p>\n<\/div><\/div><\/div>\n<\/div>\n<\/div>\n<\/div><\/div>\n<\/section>\n\n\n\n<div class=\"section-anchor\" id=\"\"><\/div><section style=\"background-color:#85b7b1\" class=\"wp-block-aiwithroche-section\">\n<div class=\"wp-block-aiwithroche-singlecolumn container\"><div class=\"container-inner\">\n<div class=\"wp-block-columns is-layout-flex wp-container-53 wp-block-columns-is-layout-flex\">\n<div class=\"wp-block-column is-layout-flow wp-block-column-is-layout-flow\">\n<h2 class=\"wp-block-heading h1\">Collaborez avec nous<\/h2>\n\n\n\n<div style=\"height:24px\" aria-hidden=\"true\" class=\"wp-block-spacer\"><\/div>\n\n\n\n<p class=\"col-540 has-medium-font-size\">Nous vous invitons \u00e0 nous faire part de vos ambitions et de vos d\u00e9fis li\u00e9s \u00e0 l\u2019int\u00e9gration de l\u2019IA. Nous vous contacterons sous peu: <\/p>\n\n\n\n<div class=\"wp-block-group mail-link is-nowrap is-layout-flex wp-container-47 wp-block-group-is-layout-flex\">\n<figure class=\"wp-block-image size-full is-resized\"><img decoding=\"async\" loading=\"lazy\" width=\"36\" height=\"24\" src=\"https:\/\/d2pho58alywaeq.cloudfront.net\/fr\/wp-content\/uploads\/sites\/2\/2023\/07\/email.png\" alt=\"A mail icon\" class=\"wp-image-328\" style=\"width:17px;height:12px\"\/><\/figure>\n\n\n\n<p class=\"has-medium-font-size\"><a rel=\"noreferrer noopener\" href=\"mailto:oneroche.air@roche.com\" target=\"_blank\"><strong>oneroche.air@roche.com<\/strong><\/a><\/p>\n<\/div>\n\n\n\n<div style=\"height:44px\" aria-hidden=\"true\" class=\"wp-block-spacer\"><\/div>\n\n\n\n<h3 class=\"wp-block-heading\">Veuillez inclure les renseignements suivants, le cas \u00e9ch\u00e9ant&nbsp;:<\/h3>\n\n\n\n<ul>\n<li class=\"has-medium-font-size\">Renseignements g\u00e9n\u00e9raux vous concernant*<\/li>\n\n\n\n<li class=\"has-medium-font-size\">Renseignements g\u00e9n\u00e9raux concernant votre organisation**<\/li>\n\n\n\n<li class=\"has-medium-font-size\">Souhaite participer aux initiatives actuelles<\/li>\n\n\n\n<li class=\"has-medium-font-size\">Souhaite mettre en \u0153uvre l\u2019IA dans la pratique m\u00e9dicale, l\u2019\u00e9ducation ou le d\u00e9veloppement d\u2019\u00e9tudes sur l\u2019IA<\/li>\n\n\n\n<li class=\"has-medium-font-size\">Tout autre renseignement qui pourrait \u00eatre utile<\/li>\n<\/ul>\n\n\n\n<div style=\"height:16px\" aria-hidden=\"true\" class=\"wp-block-spacer\"><\/div>\n\n\n\n<p>*&nbsp;Ne donnez pas de renseignements personnels sensibles<br>**&nbsp;Ne donnez pas de renseignements confidentiels ou de nature exclusive<\/p>\n<\/div>\n\n\n\n<div class=\"wp-block-column career-card-container is-layout-flow wp-block-column-is-layout-flow\">\n<div id=\"career-opportunities\" class=\"wp-block-group section-anchor is-layout-constrained wp-block-group-is-layout-constrained\"><\/div>\n\n\n\n<div class=\"wp-block-group career-card is-vertical is-layout-flex wp-container-51 wp-block-group-is-layout-flex\">\n<figure class=\"wp-block-image size-full is-resized\"><img decoding=\"async\" loading=\"lazy\" width=\"196\" height=\"102\" src=\"https:\/\/d2pho58alywaeq.cloudfront.net\/fr\/wp-content\/uploads\/sites\/2\/2023\/07\/Roche-logo.png\" alt=\"\" class=\"wp-image-340\" style=\"width:98px;height:51px\"\/><\/figure>\n\n\n\n<div class=\"wp-block-group is-layout-constrained wp-block-group-is-layout-constrained\">\n<h3 class=\"wp-block-heading h2\">Possibilit\u00e9s de carri\u00e8re<\/h3>\n\n\n\n<p>En attirant les meilleurs \u00e9l\u00e9ments issus de milieux vari\u00e9s, Roche contribue \u00e0 stimuler l\u2019innovation et \u00e0 am\u00e9liorer les soins de sant\u00e9.<\/p>\n\n\n\n<p>Gr\u00e2ce \u00e0 sa culture de travail dynamique et inclusive, \u00e0 sa technologie de pointe et \u00e0 sa volont\u00e9 d\u2019am\u00e9liorer la qualit\u00e9 de vie des patients, Roche offre un milieu de travail exceptionnel.<\/p>\n<\/div>\n\n\n\n<a href=\"https:\/\/careers.roche.com\/global\/en\" class=\"wp-block-aiwithroche-linkbutton button\" style=\"background-color:#007BC7\" target=\"_blank\" rel=\"noopener\">view opportunities<div class=\"button-icon-link\"><\/div><\/a>\n<\/div>\n<\/div>\n<\/div>\n<\/div><\/div>\n<\/section>\n","protected":false},"excerpt":{"rendered":"","protected":false},"author":1,"featured_media":0,"parent":0,"menu_order":0,"comment_status":"closed","ping_status":"closed","template":"","meta":{"inline_featured_image":false,"footnotes":""},"_links":{"self":[{"href":"https:\/\/aiwithroche.ca\/fr\/wp-json\/wp\/v2\/pages\/139"}],"collection":[{"href":"https:\/\/aiwithroche.ca\/fr\/wp-json\/wp\/v2\/pages"}],"about":[{"href":"https:\/\/aiwithroche.ca\/fr\/wp-json\/wp\/v2\/types\/page"}],"author":[{"embeddable":true,"href":"https:\/\/aiwithroche.ca\/fr\/wp-json\/wp\/v2\/users\/1"}],"replies":[{"embeddable":true,"href":"https:\/\/aiwithroche.ca\/fr\/wp-json\/wp\/v2\/comments?post=139"}],"version-history":[{"count":19,"href":"https:\/\/aiwithroche.ca\/fr\/wp-json\/wp\/v2\/pages\/139\/revisions"}],"predecessor-version":[{"id":1112,"href":"https:\/\/aiwithroche.ca\/fr\/wp-json\/wp\/v2\/pages\/139\/revisions\/1112"}],"wp:attachment":[{"href":"https:\/\/aiwithroche.ca\/fr\/wp-json\/wp\/v2\/media?parent=139"}],"curies":[{"name":"wp","href":"https:\/\/api.w.org\/{rel}","templated":true}]}}