{"id":147,"date":"2023-06-29T14:13:03","date_gmt":"2023-06-29T14:13:03","guid":{"rendered":"http:\/\/ai-with-roche-phase-2.local\/?page_id=147"},"modified":"2024-05-14T11:38:14","modified_gmt":"2024-05-14T11:38:14","slug":"organisations","status":"publish","type":"page","link":"https:\/\/aiwithroche.ca\/fr\/organisations\/","title":{"rendered":"Organisations"},"content":{"rendered":"\n<div class=\"section-anchor\" id=\"\"><\/div><section style=\"background-color:#f0e9e1\" class=\"wp-block-aiwithroche-section banner\">\n<div class=\"wp-block-aiwithroche-singlecolumn container\"><div class=\"container-inner\">\n<div class=\"wp-block-columns is-layout-flex wp-container-3 wp-block-columns-is-layout-flex\">\n<div class=\"wp-block-column is-layout-flow wp-block-column-is-layout-flow\">\n<h1 class=\"wp-block-heading eyebrow\">organisations<\/h1>\n\n\n\n<h1 class=\"wp-block-heading\">IA accessible et exploitable<\/h1>\n<\/div>\n\n\n\n<div class=\"wp-block-column is-layout-flow wp-block-column-is-layout-flow\">\n<figure class=\"wp-block-image size-large\"><img decoding=\"async\" loading=\"lazy\" width=\"1024\" height=\"620\" src=\"https:\/\/d2pho58alywaeq.cloudfront.net\/fr\/wp-content\/uploads\/sites\/2\/2023\/08\/organizationsBanner-1-1024x620.png\" alt=\"\" class=\"wp-image-824\" srcset=\"https:\/\/aiwithroche.ca\/fr\/wp-content\/uploads\/sites\/2\/2023\/08\/organizationsBanner-1-1024x620.png 1024w, https:\/\/aiwithroche.ca\/fr\/wp-content\/uploads\/sites\/2\/2023\/08\/organizationsBanner-1-300x182.png 300w, https:\/\/aiwithroche.ca\/fr\/wp-content\/uploads\/sites\/2\/2023\/08\/organizationsBanner-1-768x465.png 768w, https:\/\/aiwithroche.ca\/fr\/wp-content\/uploads\/sites\/2\/2023\/08\/organizationsBanner-1.png 1308w\" sizes=\"(max-width: 1024px) 100vw, 1024px\" \/><\/figure>\n<\/div>\n<\/div>\n<\/div><\/div>\n<\/section>\n\n\n\n<div class=\"wp-block-aiwithroche-anchorlinks anchor-list\"><div class=\"container\"><div class=\"container-inner\"><div class=\"sizer\">\n<a href=\"#our-goal\" class=\"wp-block-aiwithroche-anchorlink anchor-link\">Notre objectif<\/a>\n\n\n\n<a href=\"#ai-in-canada\" class=\"wp-block-aiwithroche-anchorlink anchor-link\">L\u2019\u00e9cosyst\u00e8me d\u2019IA en sant\u00e9<\/a>\n\n\n\n<a href=\"#ethical-and-responsible-ai\" class=\"wp-block-aiwithroche-anchorlink anchor-link\">IA \u00e9thique et responsable<\/a>\n\n\n\n<a href=\"#case-study\" class=\"wp-block-aiwithroche-anchorlink anchor-link\">\u00c9tude de cas Ressources<\/a>\n\n\n\n<a href=\"#collaborate-with-us\" class=\"wp-block-aiwithroche-anchorlink anchor-link\">Collaborez avec nous<\/a>\n<\/div><\/div><\/div><\/div>\n\n\n\n<div class=\"section-anchor\" id=\"our-goal\"><\/div><section style=\"background-color:#fff\" class=\"wp-block-aiwithroche-section\">\n<div class=\"wp-block-aiwithroche-singlecolumn container\"><div class=\"container-inner\">\n<div class=\"wp-block-columns is-layout-flex wp-container-6 wp-block-columns-is-layout-flex\">\n<div class=\"wp-block-column is-layout-flow wp-block-column-is-layout-flow\">\n<h2 class=\"wp-block-heading eyebrow--blue\">Notre objectif<\/h2>\n\n\n\n<p class=\"h3\">aiR s\u2019engage \u00e0 acc\u00e9l\u00e9rer l\u2019int\u00e9gration et la mise en \u0153uvre de technologies d\u2019IA susceptibles d\u2019am\u00e9liorer consid\u00e9rablement les r\u00e9sultats pour les patients.<\/p>\n\n\n\n<p class=\"has-medium-font-size\">L\u2019utilisation de technologies li\u00e9es \u00e0 l\u2019IA a un potentiel \u00e9norme pour ce qui est d\u2019am\u00e9liorer les soins aux patients, mais le processus d\u2019int\u00e9gration et de mise en \u0153uvre de ces solutions peut s\u2019av\u00e9rer complexe et difficile.<\/p>\n\n\n\n<p class=\"has-medium-font-size\">aiR s\u2019engage \u00e0 faciliter ce processus en acc\u00e9l\u00e9rant l\u2019int\u00e9gration et la mise en \u0153uvre de l\u2019IA dans la gestion des soins aux patients. En simplifiant cette int\u00e9gration, aiR vise \u00e0 aider les prestataires de soins de sant\u00e9 \u00e0 offrir de meilleurs soins \u00e0 leurs patients, tout en r\u00e9duisant les co\u00fbts et en am\u00e9liorant l\u2019efficacit\u00e9.<\/p>\n\n\n\n<p class=\"has-medium-font-size\">Gr\u00e2ce \u00e0 son travail d\u00e9vou\u00e9 pour trouver des solutions d\u2019IA pratiques et accessibles, aiR s\u2019appr\u00eate \u00e0 jouer un r\u00f4le essentiel dans la transformation continue du secteur des soins de sant\u00e9.<br><\/p>\n<\/div>\n\n\n\n<div class=\"wp-block-column is-layout-flow wp-block-column-is-layout-flow\">\n<figure class=\"wp-block-image size-full small-image\"><img decoding=\"async\" loading=\"lazy\" width=\"998\" height=\"890\" src=\"https:\/\/d2pho58alywaeq.cloudfront.net\/fr\/wp-content\/uploads\/sites\/2\/2023\/07\/Organizations-Diagram.png\" alt=\"\" class=\"wp-image-383\" srcset=\"https:\/\/aiwithroche.ca\/fr\/wp-content\/uploads\/sites\/2\/2023\/07\/Organizations-Diagram.png 998w, https:\/\/aiwithroche.ca\/fr\/wp-content\/uploads\/sites\/2\/2023\/07\/Organizations-Diagram-300x268.png 300w, https:\/\/aiwithroche.ca\/fr\/wp-content\/uploads\/sites\/2\/2023\/07\/Organizations-Diagram-768x685.png 768w\" sizes=\"(max-width: 998px) 100vw, 998px\" \/><\/figure>\n<\/div>\n<\/div>\n<\/div><\/div>\n<\/section>\n\n\n\n<div class=\"section-anchor\" id=\"\"><\/div><section style=\"background-color:#F7F9FB\" class=\"wp-block-aiwithroche-section\">\n<div class=\"wp-block-aiwithroche-singlecolumn container--medium  container-medium\"><div class=\"container-inner\">\n    <div class=\"tabs\">\n      <div class=\"tab-navigation\" role=\"tablist\">\n        <div class=\"tab-navigation-line\"><\/div>\n            <button class=\"tab-navigation-item active\" role=\"tab\" aria-selected=\"true\"\n                >S\u00e9curit\u00e9 et \u00e9thique<\/button>\n            <button class=\"tab-navigation-item\" role=\"tab\" aria-selected=\"false\"\n                >Recherches de pointe en IA<\/button>\n            <button class=\"tab-navigation-item\" role=\"tab\" aria-selected=\"false\"\n                >Partenariats<\/button>\n            <button class=\"tab-navigation-item\" role=\"tab\" aria-selected=\"false\"\n                >Mobilisation de l\u2019IA dans la pratique<\/button>\n      <\/div>\n      <div class=\"tab-content\" role=\"tabpanel\">\n        \n<div class=\"wp-block-aiwithroche-tab tab\">\n<div class=\"wp-block-columns is-layout-flex wp-container-26 wp-block-columns-is-layout-flex\">\n<div class=\"wp-block-column is-layout-flow wp-block-column-is-layout-flow\">\n<div class=\"wp-block-cover is-light\"><span aria-hidden=\"true\" class=\"wp-block-cover__background has-background-dim-0 has-background-dim\"><\/span><img decoding=\"async\" loading=\"lazy\" width=\"465\" height=\"325\" class=\"wp-block-cover__image-background wp-image-890\" alt=\"\" src=\"https:\/\/d2pho58alywaeq.cloudfront.net\/fr\/wp-content\/uploads\/sites\/2\/2023\/09\/Safety-Ethics.jpg\" style=\"object-position:50% 54%\" data-object-fit=\"cover\" data-object-position=\"50% 54%\" srcset=\"https:\/\/aiwithroche.ca\/fr\/wp-content\/uploads\/sites\/2\/2023\/09\/Safety-Ethics.jpg 465w, https:\/\/aiwithroche.ca\/fr\/wp-content\/uploads\/sites\/2\/2023\/09\/Safety-Ethics-300x210.jpg 300w\" sizes=\"(max-width: 465px) 100vw, 465px\" \/><div class=\"wp-block-cover__inner-container is-layout-flow wp-block-cover-is-layout-flow\">\n<p class=\"has-text-align-center has-large-font-size\"><\/p>\n<\/div><\/div>\n<\/div>\n\n\n\n<div class=\"wp-block-column is-layout-flow wp-block-column-is-layout-flow\">\n<h2 class=\"wp-block-heading\">S\u00e9curit\u00e9 et \u00e9thique<\/h2>\n\n\n\n<p>Afin de produire des r\u00e9sultats \u00e9thiques et responsables dans l\u2019industrie de l\u2019IA, il est primordial d\u2019\u00e9tablir et de respecter des normes irr\u00e9prochables. En int\u00e9grant ces principes \u00e9thiques de mani\u00e8re strat\u00e9gique, nous pouvons cultiver la confiance et cr\u00e9er des partenariats solides, essentiels pour acc\u00e9l\u00e9rer les d\u00e9couvertes scientifiques au sein d\u2019\u00e9cosyst\u00e8mes durables.<\/p>\n\n\n\n<p>En tant qu\u2019intervenant responsable dans l\u2019industrie de l\u2019IA, nous privil\u00e9gions l\u2019int\u00e9gration de principes fondamentaux tels que l\u2019att\u00e9nuation des pr\u00e9jug\u00e9s potentiels, la protection de la confidentialit\u00e9 des donn\u00e9es et l\u2019exactitude des renseignements.<\/p>\n<\/div>\n<\/div>\n<\/div>\n\n<div class=\"wp-block-aiwithroche-tab tab\">\n<div class=\"wp-block-columns is-layout-flex wp-container-30 wp-block-columns-is-layout-flex\">\n<div class=\"wp-block-column is-layout-flow wp-block-column-is-layout-flow\">\n<div class=\"wp-block-cover is-light\"><span aria-hidden=\"true\" class=\"wp-block-cover__background has-background-dim-0 has-background-dim\"><\/span><img decoding=\"async\" loading=\"lazy\" width=\"466\" height=\"326\" class=\"wp-block-cover__image-background wp-image-891\" alt=\"\" src=\"https:\/\/d2pho58alywaeq.cloudfront.net\/fr\/wp-content\/uploads\/sites\/2\/2023\/09\/Leading-Edge-AI-Research.jpg\" data-object-fit=\"cover\" srcset=\"https:\/\/aiwithroche.ca\/fr\/wp-content\/uploads\/sites\/2\/2023\/09\/Leading-Edge-AI-Research.jpg 466w, https:\/\/aiwithroche.ca\/fr\/wp-content\/uploads\/sites\/2\/2023\/09\/Leading-Edge-AI-Research-300x210.jpg 300w\" sizes=\"(max-width: 466px) 100vw, 466px\" \/><div class=\"wp-block-cover__inner-container is-layout-flow wp-block-cover-is-layout-flow\">\n<p class=\"has-text-align-center has-large-font-size\"><\/p>\n<\/div><\/div>\n<\/div>\n\n\n\n<div class=\"wp-block-column is-layout-flow wp-block-column-is-layout-flow\">\n<h2 class=\"wp-block-heading\">Recherches de pointe en IA<\/h2>\n\n\n\n<p>Dans l\u2019industrie de l\u2019IA, aiR met \u00e0 profit les capacit\u00e9s de l\u2019IA et de l\u2019apprentissage machine pour stimuler le progr\u00e8s dans certains domaines fondamentaux comme la compr\u00e9hension des maladies, la d\u00e9couverte de m\u00e9dicaments et l\u2019am\u00e9lioration de la prestation de soins de sant\u00e9. Notre principal objectif est de promouvoir les progr\u00e8s dans la recherche en sant\u00e9 en combinant la recherche de pointe, un soutien financier cibl\u00e9 et un acc\u00e8s \u00e0 des ensembles de donn\u00e9es de premier plan sur la sant\u00e9.<\/p>\n\n\n\n<p>Gr\u00e2ce \u00e0 ces efforts, nous voulons contribuer \u00e0 l\u2019atteinte d\u2019un objectif plus large, qui est d\u2019am\u00e9liorer les r\u00e9sultats en sant\u00e9 et les soins aux patients, tout en demeurant \u00e0 l\u2019avant-garde de l\u2019innovation dans le domaine de l\u2019IA.<\/p>\n<\/div>\n<\/div>\n<\/div>\n\n<div class=\"wp-block-aiwithroche-tab tab\">\n<div class=\"wp-block-columns is-layout-flex wp-container-34 wp-block-columns-is-layout-flex\">\n<div class=\"wp-block-column is-layout-flow wp-block-column-is-layout-flow\">\n<div class=\"wp-block-cover is-light\"><span aria-hidden=\"true\" class=\"wp-block-cover__background has-background-dim-0 has-background-dim\"><\/span><img decoding=\"async\" loading=\"lazy\" width=\"466\" height=\"326\" class=\"wp-block-cover__image-background wp-image-892\" alt=\"\" src=\"https:\/\/d2pho58alywaeq.cloudfront.net\/fr\/wp-content\/uploads\/sites\/2\/2023\/09\/facilitating-partnerships.jpg\" data-object-fit=\"cover\" srcset=\"https:\/\/aiwithroche.ca\/fr\/wp-content\/uploads\/sites\/2\/2023\/09\/facilitating-partnerships.jpg 466w, https:\/\/aiwithroche.ca\/fr\/wp-content\/uploads\/sites\/2\/2023\/09\/facilitating-partnerships-300x210.jpg 300w\" sizes=\"(max-width: 466px) 100vw, 466px\" \/><div class=\"wp-block-cover__inner-container is-layout-flow wp-block-cover-is-layout-flow\">\n<p class=\"has-text-align-center has-large-font-size\"><\/p>\n<\/div><\/div>\n<\/div>\n\n\n\n<div class=\"wp-block-column is-layout-flow wp-block-column-is-layout-flow\">\n<h2 class=\"wp-block-heading\">Partenariats<\/h2>\n\n\n\n<p>L\u2019industrie de l\u2019IA \u00e9volue constamment. Chez aiR, nous reconnaissons l\u2019importance de demeurer \u00e0 l\u2019avant-garde de ce domaine qui se d\u00e9veloppe \u00e0 grande vitesse. Gr\u00e2ce \u00e0 la promotion active de collaborations au sein de la communaut\u00e9 de recherche, nous cr\u00e9ons un espace o\u00f9 les sp\u00e9cialistes peuvent \u00e9changer leurs connaissances et leurs id\u00e9es, favorisant ainsi l\u2019innovation et la cr\u00e9ativit\u00e9.<\/p>\n<\/div>\n<\/div>\n<\/div>\n\n<div class=\"wp-block-aiwithroche-tab tab\">\n<div class=\"wp-block-columns is-layout-flex wp-container-38 wp-block-columns-is-layout-flex\">\n<div class=\"wp-block-column is-layout-flow wp-block-column-is-layout-flow\">\n<div class=\"wp-block-cover is-light\"><span aria-hidden=\"true\" class=\"wp-block-cover__background has-background-dim-0 has-background-dim\"><\/span><img decoding=\"async\" loading=\"lazy\" width=\"466\" height=\"326\" class=\"wp-block-cover__image-background wp-image-893\" alt=\"\" src=\"https:\/\/d2pho58alywaeq.cloudfront.net\/fr\/wp-content\/uploads\/sites\/2\/2023\/09\/mobilizing-ai.jpg\" style=\"object-position:32% 44%\" data-object-fit=\"cover\" data-object-position=\"32% 44%\" srcset=\"https:\/\/aiwithroche.ca\/fr\/wp-content\/uploads\/sites\/2\/2023\/09\/mobilizing-ai.jpg 466w, https:\/\/aiwithroche.ca\/fr\/wp-content\/uploads\/sites\/2\/2023\/09\/mobilizing-ai-300x210.jpg 300w\" sizes=\"(max-width: 466px) 100vw, 466px\" \/><div class=\"wp-block-cover__inner-container is-layout-flow wp-block-cover-is-layout-flow\">\n<p class=\"has-text-align-center has-large-font-size\"><\/p>\n<\/div><\/div>\n<\/div>\n\n\n\n<div class=\"wp-block-column is-layout-flow wp-block-column-is-layout-flow\">\n<h2 class=\"wp-block-heading\">Mobilisation de l\u2019IA dans la pratique<\/h2>\n\n\n\n<p>Dans l\u2019industrie de l\u2019IA, les soins de sant\u00e9 constituent un domaine fondamental, o\u00f9 l\u2019IA a le potentiel d\u2019am\u00e9liorer consid\u00e9rablement les r\u00e9sultats pour les patients et de soutenir les professionnels de la sant\u00e9. Cependant, pour que les patients aient acc\u00e8s aux solutions d\u2019IA, il faut passer par un processus complexe et exigeant. Chez aiR, nous reconnaissons que pour surmonter ces obstacles, il nous faut adopter une approche collaborative \u00e0 laquelle participent des intervenants mobilis\u00e9s de l\u2019ensemble de l\u2019\u00e9cosyst\u00e8me des soins de sant\u00e9.<\/p>\n<\/div>\n<\/div>\n<\/div>\n\n        <\/div>\n    <\/div><\/div><\/div>\n<\/section>\n\n\n\n<div class=\"section-anchor\" id=\"ai-in-canada\"><\/div><section style=\"background-color:#fff\" class=\"wp-block-aiwithroche-section\">\n<div class=\"wp-block-aiwithroche-singlecolumn container\"><div class=\"container-inner\">\n<div class=\"wp-block-columns is-layout-flex wp-container-42 wp-block-columns-is-layout-flex\">\n<div class=\"wp-block-column is-layout-flow wp-block-column-is-layout-flow\">\n<h2 class=\"wp-block-heading eyebrow--blue\">AI in CANADA<\/h2>\n\n\n\n<h3 class=\"wp-block-heading h1\">Fa\u00e7onner l\u2019\u00e9cosyst\u00e8me canadien de l\u2019IA en sant\u00e9<\/h3>\n\n\n\n<div style=\"height:32px\" aria-hidden=\"true\" class=\"wp-block-spacer\"><\/div>\n\n\n\n<p>L\u2019application commerciale de l\u2019IA constitue une priorit\u00e9 pour la deuxi\u00e8me phase de la strat\u00e9gie pancanadienne sur l\u2019IA, avec des investissements totalisant plus de 550&nbsp;M$. Le secteur des soins de sant\u00e9 offre aux d\u00e9veloppeurs d\u2019IA la possibilit\u00e9 de g\u00e9n\u00e9rer d\u2019importantes retomb\u00e9es soci\u00e9tales en contribuant \u00e0 l\u2019\u00e9laboration de diagnostics plus h\u00e2tifs et pr\u00e9cis, \u00e0 la prestation de soins personnalis\u00e9s avanc\u00e9s, \u00e0 une confiance accrue dans la prise de d\u00e9cisions et \u00e0 l\u2019am\u00e9lioration des r\u00e9sultats pour les patients.<\/p>\n\n\n\n<p>Toutefois, des efforts suppl\u00e9mentaires sont n\u00e9cessaires pour fa\u00e7onner l\u2019\u00e9cosyst\u00e8me canadien de l\u2019IA en sant\u00e9 en vue de r\u00e9aliser ce grand potentiel. aiR travaille \u00e0 la croissance et \u00e0 la prosp\u00e9rit\u00e9 de cet \u00e9cosyst\u00e8me, o\u00f9 l\u2019on voit les innovations passer efficacement du laboratoire au chevet des patients.\nCet \u00e9cosyst\u00e8me permettra de combler l\u2019\u00e9cart entre la recherche scientifique et les soins aux patients en tirant parti de technologies de pointes et de solutions bas\u00e9es sur des donn\u00e9es, de fa\u00e7on \u00e0 acc\u00e9l\u00e9rer le d\u00e9veloppement et la prestation de traitements novateurs.<\/p>\n\n\n\n<p class=\"has-roche-text-blue-color has-text-color\"><strong><a href=\"https:\/\/d2pho58alywaeq.cloudfront.net\/fr\/wp-content\/uploads\/sites\/2\/2023\/09\/Shaping-Canadian-Health-AI-Ecosystem_TwoPager__v1.pdf\" data-type=\"URL\" data-id=\"https:\/\/d2pho58alywaeq.cloudfront.net\/fr\/wp-content\/uploads\/sites\/2\/2023\/09\/Shaping-Canadian-Health-AI-Ecosystem_TwoPager__v1.pdf\" target=\"_blank\" rel=\"noreferrer noopener\">Plus d\u2019information sur les mesures prises par Roche pour cr\u00e9er un \u00e9cosyst\u00e8me canadien exhaustif d\u2019IA en sant\u00e9:<\/a> \u2192<\/strong><\/p>\n<\/div>\n\n\n\n<div class=\"wp-block-column is-layout-flow wp-block-column-is-layout-flow\">\n<div class=\"wp-block-group is-content-justification-center is-nowrap is-layout-flex wp-container-40 wp-block-group-is-layout-flex\">\n<figure class=\"wp-block-image size-large is-resized\"><img decoding=\"async\" loading=\"lazy\" width=\"1013\" height=\"1024\" src=\"https:\/\/d2pho58alywaeq.cloudfront.net\/fr\/wp-content\/uploads\/sites\/2\/2023\/07\/AI-in-Canada-1013x1024.png\" alt=\"1er\u00a0pays \u00e0 \u00e9tablir une strat\u00e9gie exhaustive en mati\u00e8re d\u2019IA. 3\u00a0instituts nationaux d\u2019IA. 550\u00a0M$\u00a0en investissements publics.\" class=\"wp-image-390\" style=\"width:540px;height:545px\" srcset=\"https:\/\/aiwithroche.ca\/fr\/wp-content\/uploads\/sites\/2\/2023\/07\/AI-in-Canada-1013x1024.png 1013w, https:\/\/aiwithroche.ca\/fr\/wp-content\/uploads\/sites\/2\/2023\/07\/AI-in-Canada-297x300.png 297w, https:\/\/aiwithroche.ca\/fr\/wp-content\/uploads\/sites\/2\/2023\/07\/AI-in-Canada-768x776.png 768w, https:\/\/aiwithroche.ca\/fr\/wp-content\/uploads\/sites\/2\/2023\/07\/AI-in-Canada.png 1128w\" sizes=\"(max-width: 1013px) 100vw, 1013px\" \/><\/figure>\n<\/div>\n<\/div>\n<\/div>\n<\/div><\/div>\n<\/section>\n\n\n\n<div class=\"section-anchor\" id=\"ethical-and-responsible-ai\"><\/div><section style=\"background-color:#F7F9FB\" class=\"wp-block-aiwithroche-section\">\n<div class=\"wp-block-aiwithroche-singlecolumn container\"><div class=\"container-inner\">\n<h2 class=\"wp-block-heading h1\">IA \u00e9thique et responsable<\/h2>\n\n\n\n<div style=\"height:32px\" aria-hidden=\"true\" class=\"wp-block-spacer\"><\/div>\n<\/div><\/div>\n\n\n\n<div class=\"wp-block-aiwithroche-singlecolumn container\"><div class=\"container-inner\">\n<div class=\"wp-block-columns is-layout-flex wp-container-45 wp-block-columns-is-layout-flex\">\n<div class=\"wp-block-column is-layout-flow wp-block-column-is-layout-flow\">\n<p class=\"has-large-font-size\"><strong>De plus en plus de gens envisagent d\u2019investir dans des solutions et des projets d\u2019\u00ab&nbsp;IA responsable&nbsp;\u00bb ax\u00e9s sur les technologies \u00e9mergentes et \u00e9thiques.<\/strong><\/p>\n\n\n\n<div style=\"height:24px\" aria-hidden=\"true\" class=\"wp-block-spacer\"><\/div>\n\n\n\n<figure class=\"wp-block-image size-large\"><img decoding=\"async\" loading=\"lazy\" width=\"1024\" height=\"668\" src=\"https:\/\/d2pho58alywaeq.cloudfront.net\/fr\/wp-content\/uploads\/sites\/2\/2023\/07\/Ethical-Responsible-AI-1024x668.png\" alt=\"\" class=\"wp-image-396\" srcset=\"https:\/\/aiwithroche.ca\/fr\/wp-content\/uploads\/sites\/2\/2023\/07\/Ethical-Responsible-AI-1024x668.png 1024w, https:\/\/aiwithroche.ca\/fr\/wp-content\/uploads\/sites\/2\/2023\/07\/Ethical-Responsible-AI-300x196.png 300w, https:\/\/aiwithroche.ca\/fr\/wp-content\/uploads\/sites\/2\/2023\/07\/Ethical-Responsible-AI-768x501.png 768w, https:\/\/aiwithroche.ca\/fr\/wp-content\/uploads\/sites\/2\/2023\/07\/Ethical-Responsible-AI.png 1200w\" sizes=\"(max-width: 1024px) 100vw, 1024px\" \/><\/figure>\n<\/div>\n\n\n\n<div class=\"wp-block-column is-layout-flow wp-block-column-is-layout-flow\">\n<p>Il est devenu de plus en plus \u00e9vident que l\u2019\u00ab&nbsp;IA responsable&nbsp;\u00bb ne se limite pas \u00e0 r\u00e9pondre aux normes r\u00e9glementaires. Nous devons \u00e9tablir des solutions durables qui pr\u00e9parent l\u2019industrie \u00e0 la r\u00e9ussite, en veillant \u00e0 ce que les syst\u00e8mes d\u2019IA profitent \u00e0 l\u2019environnement, \u00e0 la soci\u00e9t\u00e9, aux employ\u00e9s, aux utilisateurs et aux personnes \u00e0 qui s\u2019adressent les solutions d\u2019IA actuelles et futures.<\/p>\n\n\n\n<p>aiR prend les mesures qui s\u2019imposent pour faire progresser la conversation mondiale sur l\u2019IA et d\u00e9terminer les ressources, les domaines d\u2019int\u00e9r\u00eat, les priorit\u00e9s \u00e0 prendre en consid\u00e9ration ainsi que les investissements n\u00e9cessaires pour cr\u00e9er des syst\u00e8mes d\u2019IA durables pour l\u2019avenir. Ces discussions sont fluides et \u00e9voluent constamment, sans aucune norme \u00e9tablie pour assurer le caract\u00e8re \u00e9thique de l\u2019IA.<\/p>\n\n\n\n<p>Bien qu\u2019il s\u2019agisse d\u2019un d\u00e9fi redoutable qui demandera une approche collaborative et multidisciplinaire, nous croyons que les retomb\u00e9es positives d\u2019une IA \u00e9thique encourageront les gens \u00e0 investir et \u00e0 agir concr\u00e8tement.<\/p>\n\n\n\n<p class=\"has-roche-text-blue-color has-text-color\"><strong>En savoir plus sur l\u2019\u00e9thique de l\u2019IA comme valeur ajout\u00e9e \u2192<\/strong><br><br><br><\/p>\n<\/div>\n<\/div>\n<\/div><\/div>\n<\/section>\n\n\n\n<div class=\"section-anchor\" id=\"case-study\"><\/div><section style=\"background-color:#fff\" class=\"wp-block-aiwithroche-section no-padding\">\n<div class=\"wp-block-group text-with-graphic has-cream-background-color has-background has-small-font-size is-nowrap is-layout-flex wp-container-50 wp-block-group-is-layout-flex\">\n<div class=\"wp-block-group col-1 is-vertical is-layout-flex wp-container-48 wp-block-group-is-layout-flex\">\n<h2 class=\"wp-block-heading eyebrow--blue\">\u00c9tude de cas<\/h2>\n\n\n\n<h3 class=\"wp-block-heading h2\">Projet sur les sympt\u00f4mes persistants de la COVID<\/h3>\n\n\n\n<div style=\"height:0px\" aria-hidden=\"true\" class=\"wp-block-spacer wp-container-content-46\"><\/div>\n\n\n\n<p>Depuis le d\u00e9but de la pand\u00e9mie de COVID-19, les m\u00e9dias sociaux ont \u00e9t\u00e9 une plateforme utile pour raconter des exp\u00e9riences en temps r\u00e9el et en discuter. Cette mine de renseignements peut \u00e9galement servir aux chercheurs qui travaillent sur les s\u00e9quelles post-aigu\u00ebs de l\u2019infection par le SRAS-CoV-2, commun\u00e9ment appel\u00e9es COVID-19 de longue dur\u00e9e.<\/p>\n\n\n\n<p>Pour exploiter cette ressource, nous proposons d\u2019utiliser des m\u00e9thodes d\u2019extraction d\u2019entit\u00e9s pour fournir des informations cliniques avant de d\u00e9finir les t\u00e2ches en aval. Notre travail vise \u00e0 combler l\u2019\u00e9cart entre les mod\u00e8les de reconnaissance d\u2019entit\u00e9s \u00e0 la pointe de la technologie et l\u2019extraction d\u2019entit\u00e9s cliniquement pertinentes \u00e0 partir de donn\u00e9es sur Twitter.<\/p>\n\n\n\n<div style=\"height:0px\" aria-hidden=\"true\" class=\"wp-block-spacer wp-container-content-47\"><\/div>\n\n\n\n<a href=\"https:\/\/link.springer.com\/chapter\/10.1007\/978-3-031-14771-5_19\" class=\"wp-block-aiwithroche-linkbutton button\" style=\"background-color:#FD7372\" target=\"_blank\" rel=\"noopener\">LIRE L\u2019\u00c9TUDE DE CAS COMPL\u00c8TE<div class=\"button-icon-link\"><\/div><\/a>\n<\/div>\n\n\n\n<div class=\"wp-block-cover col-2\"><span aria-hidden=\"true\" class=\"wp-block-cover__background has-white-background-color has-background-dim\"><\/span><img decoding=\"async\" loading=\"lazy\" width=\"1392\" height=\"1196\" class=\"wp-block-cover__image-background wp-image-888\" alt=\"\" src=\"https:\/\/d2pho58alywaeq.cloudfront.net\/fr\/wp-content\/uploads\/sites\/2\/2023\/09\/covid-case-study-1.jpg\" data-object-fit=\"cover\" srcset=\"https:\/\/aiwithroche.ca\/fr\/wp-content\/uploads\/sites\/2\/2023\/09\/covid-case-study-1.jpg 1392w, https:\/\/aiwithroche.ca\/fr\/wp-content\/uploads\/sites\/2\/2023\/09\/covid-case-study-1-300x258.jpg 300w, https:\/\/aiwithroche.ca\/fr\/wp-content\/uploads\/sites\/2\/2023\/09\/covid-case-study-1-1024x880.jpg 1024w, https:\/\/aiwithroche.ca\/fr\/wp-content\/uploads\/sites\/2\/2023\/09\/covid-case-study-1-768x660.jpg 768w\" sizes=\"(max-width: 1392px) 100vw, 1392px\" \/><div class=\"wp-block-cover__inner-container is-layout-flow wp-block-cover-is-layout-flow\">\n<p class=\"has-text-align-center has-large-font-size\"><\/p>\n<\/div><\/div>\n<\/div>\n<\/section>\n\n\n","protected":false},"excerpt":{"rendered":"","protected":false},"author":1,"featured_media":0,"parent":0,"menu_order":2,"comment_status":"closed","ping_status":"closed","template":"","meta":{"inline_featured_image":false,"footnotes":""},"_links":{"self":[{"href":"https:\/\/aiwithroche.ca\/fr\/wp-json\/wp\/v2\/pages\/147"}],"collection":[{"href":"https:\/\/aiwithroche.ca\/fr\/wp-json\/wp\/v2\/pages"}],"about":[{"href":"https:\/\/aiwithroche.ca\/fr\/wp-json\/wp\/v2\/types\/page"}],"author":[{"embeddable":true,"href":"https:\/\/aiwithroche.ca\/fr\/wp-json\/wp\/v2\/users\/1"}],"replies":[{"embeddable":true,"href":"https:\/\/aiwithroche.ca\/fr\/wp-json\/wp\/v2\/comments?post=147"}],"version-history":[{"count":20,"href":"https:\/\/aiwithroche.ca\/fr\/wp-json\/wp\/v2\/pages\/147\/revisions"}],"predecessor-version":[{"id":1114,"href":"https:\/\/aiwithroche.ca\/fr\/wp-json\/wp\/v2\/pages\/147\/revisions\/1114"}],"wp:attachment":[{"href":"https:\/\/aiwithroche.ca\/fr\/wp-json\/wp\/v2\/media?parent=147"}],"curies":[{"name":"wp","href":"https:\/\/api.w.org\/{rel}","templated":true}]}}