{"id":151,"date":"2023-06-29T14:13:58","date_gmt":"2023-06-29T14:13:58","guid":{"rendered":"http:\/\/ai-with-roche-phase-2.local\/?page_id=151"},"modified":"2024-04-26T17:32:58","modified_gmt":"2024-04-26T17:32:58","slug":"initiatives-events","status":"publish","type":"page","link":"https:\/\/aiwithroche.ca\/fr\/initiatives-events\/","title":{"rendered":"Initiatives et activit\u00e9s"},"content":{"rendered":"\n<header class=\"wp-block-aiwithroche-generic-banner generic-banner\"><div class=\"generic-banner-photo-container\"><div class=\"generic-banner-photo\" style=\"background-image:url(https:\/\/d2pho58alywaeq.cloudfront.net\/fr\/wp-content\/uploads\/sites\/2\/2023\/09\/Initiative-Hero.jpg)\" data-id=\"903\"><\/div><div class=\"generic-banner-photo-overlay\"><\/div><\/div><img decoding=\"async\" src=\"https:\/\/d2pho58alywaeq.cloudfront.net\/fr\/wp-content\/uploads\/sites\/2\/2023\/07\/initiatives-graphic-1.svg\" class=\"generic-banner-graphic\" alt=\"\" data-id=\"759\"\/><div class=\"container\"><div class=\"container-inner\"><div class=\"generic-banner-content-wrapper\"><div class=\"generic-banner-content\">\n<h1 class=\"wp-block-heading eyebrow\">Initiatives et activit\u00e9s<\/h1>\n\n\n\n<h1 class=\"wp-block-heading\">Les nouveaut\u00e9s d\u2019aiR<\/h1>\n<\/div><\/div><\/div><\/div><\/header>\n\n\n\n<div class=\"wp-block-aiwithroche-anchorlinks anchor-list\"><div class=\"container\"><div class=\"container-inner\"><div class=\"sizer\">\n<a href=\"#initiatives\" class=\"wp-block-aiwithroche-anchorlink anchor-link\">Initiatives<\/a>\n\n\n\n<a href=\"#events\" class=\"wp-block-aiwithroche-anchorlink anchor-link\">Activit\u00e9<\/a>\n<\/div><\/div><\/div><\/div>\n\n\n\n<div class=\"section-anchor\" id=\"initiatives\"><\/div><section style=\"background-color:#fff\" class=\"wp-block-aiwithroche-section\">\n<div class=\"wp-block-aiwithroche-singlecolumn container\"><div class=\"container-inner\">\n<section class=\"wp-block-query initiative-block is-layout-flow wp-block-query-is-layout-flow\"><ul class=\"wp-block-post-template is-layout-flow wp-block-post-template-is-layout-flow\"><li class=\"wp-block-post post-612 initiatives type-initiatives status-publish has-post-thumbnail hentry category-covid-19\">\n\n<div class=\"wp-block-columns is-layout-flex wp-container-4 wp-block-columns-is-layout-flex\">\n<div class=\"wp-block-column is-layout-flow wp-block-column-is-layout-flow\">\n<div class=\"wp-block-group col-540 is-content-justification-left is-layout-constrained wp-container-1 wp-block-group-is-layout-constrained\"><div class=\"taxonomy-category eyebrow--blue wp-block-post-terms\"><a href=\"https:\/\/aiwithroche.ca\/fr\/category\/covid-19\/\" rel=\"tag\">COVID-19<\/a><\/div>\n\n<h2 class=\"wp-block-post-title\">Coalition pour la science des donn\u00e9es de Roche<\/h2>\n\n<div class=\"wp-block-post-excerpt\"><p class=\"wp-block-post-excerpt__excerpt\">Hoffmann-La Roche Limited\/Limit\u00e9e (Roche Canada) s\u2019engage \u00e0 travailler avec la communaut\u00e9 internationale afin de trouver des solutions aux d\u00e9fis de la pand\u00e9mie de SRAS-CoV-2 (COVID-19). Nous croyons que pour remporter cette bataille, il faut entre autres diffuser les connaissances et les donn\u00e9es en mati\u00e8re de soins de sant\u00e9 afin de mieux orienter les prises de&hellip; <\/p><\/div>\n\n\n<div style=\"height:32px\" aria-hidden=\"true\" class=\"wp-block-spacer\"><\/div>\n\n\n\n        <a\n        href=\"https:\/\/aiwithroche.ca\/fr\/initiatives\/roche-data-science-coalition\/\"\n        class=\"button\"\n        style=\"backgroundColor:#FD7372\"\n        rel=\"noopener\"\n        target=\"_self\"\n        >\n            Find out more\n            <div class=\"\"><\/div>\n        <\/a>\n    <\/div>\n<\/div>\n\n\n\n<div class=\"wp-block-column is-layout-flow wp-block-column-is-layout-flow\"><figure class=\"wp-block-post-featured-image\"><img loading=\"lazy\" width=\"1128\" height=\"969\" src=\"https:\/\/aiwithroche.ca\/fr\/wp-content\/uploads\/sites\/2\/2023\/07\/roche-data-science-2.png\" class=\"attachment-post-thumbnail size-post-thumbnail wp-post-image\" alt=\"\" decoding=\"async\" style=\"object-fit:cover;\" srcset=\"https:\/\/aiwithroche.ca\/fr\/wp-content\/uploads\/sites\/2\/2023\/07\/roche-data-science-2.png 1128w, https:\/\/aiwithroche.ca\/fr\/wp-content\/uploads\/sites\/2\/2023\/07\/roche-data-science-2-300x258.png 300w, https:\/\/aiwithroche.ca\/fr\/wp-content\/uploads\/sites\/2\/2023\/07\/roche-data-science-2-1024x880.png 1024w, https:\/\/aiwithroche.ca\/fr\/wp-content\/uploads\/sites\/2\/2023\/07\/roche-data-science-2-768x660.png 768w\" sizes=\"(max-width: 1128px) 100vw, 1128px\" \/><\/figure><\/div>\n<\/div>\n\n<\/li><li class=\"wp-block-post post-879 initiatives type-initiatives status-publish has-post-thumbnail hentry category-covid-19\">\n\n<div class=\"wp-block-columns is-layout-flex wp-container-8 wp-block-columns-is-layout-flex\">\n<div class=\"wp-block-column is-layout-flow wp-block-column-is-layout-flow\">\n<div class=\"wp-block-group col-540 is-content-justification-left is-layout-constrained wp-container-5 wp-block-group-is-layout-constrained\"><div class=\"taxonomy-category eyebrow--blue wp-block-post-terms\"><a href=\"https:\/\/aiwithroche.ca\/fr\/category\/covid-19\/\" rel=\"tag\">COVID-19<\/a><\/div>\n\n<h2 class=\"wp-block-post-title\">Projet sur les sympt\u00f4mes persistants de la COVID<\/h2>\n\n<div class=\"wp-block-post-excerpt\"><p class=\"wp-block-post-excerpt__excerpt\">Depuis le d\u00e9but de la pand\u00e9mie de COVID-19, les m\u00e9dias sociaux servent de plateformes d\u2019\u00e9change de t\u00e9moignages et d\u2019exp\u00e9riences en temps r\u00e9el. Cette mine de renseignements pourrait \u00e9galement s\u2019av\u00e9rer utile pour les chercheurs qui travaillent sur les s\u00e9quelles de phase post-aigu\u00eb du SRAS-CoV-2 (syndrome post-COVID), commun\u00e9ment surnomm\u00e9e la COVID longue. Pour mieux utiliser les donn\u00e9es&hellip; <\/p><\/div>\n\n\n<div style=\"height:32px\" aria-hidden=\"true\" class=\"wp-block-spacer\"><\/div>\n\n\n\n        <a\n        href=\"https:\/\/aiwithroche.ca\/fr\/initiatives\/covid-long-hauler-project\/\"\n        class=\"button\"\n        style=\"backgroundColor:#FD7372\"\n        rel=\"noopener\"\n        target=\"_self\"\n        >\n            Find out more\n            <div class=\"\"><\/div>\n        <\/a>\n    <\/div>\n<\/div>\n\n\n\n<div class=\"wp-block-column is-layout-flow wp-block-column-is-layout-flow\"><figure class=\"wp-block-post-featured-image\"><img loading=\"lazy\" width=\"1200\" height=\"1079\" src=\"https:\/\/aiwithroche.ca\/fr\/wp-content\/uploads\/sites\/2\/2023\/07\/synthetic-data-bootcamp-1.png\" class=\"attachment-post-thumbnail size-post-thumbnail wp-post-image\" alt=\"\" decoding=\"async\" style=\"object-fit:cover;\" srcset=\"https:\/\/aiwithroche.ca\/fr\/wp-content\/uploads\/sites\/2\/2023\/07\/synthetic-data-bootcamp-1.png 1200w, https:\/\/aiwithroche.ca\/fr\/wp-content\/uploads\/sites\/2\/2023\/07\/synthetic-data-bootcamp-1-300x270.png 300w, https:\/\/aiwithroche.ca\/fr\/wp-content\/uploads\/sites\/2\/2023\/07\/synthetic-data-bootcamp-1-1024x921.png 1024w, https:\/\/aiwithroche.ca\/fr\/wp-content\/uploads\/sites\/2\/2023\/07\/synthetic-data-bootcamp-1-768x691.png 768w\" sizes=\"(max-width: 1200px) 100vw, 1200px\" \/><\/figure><\/div>\n<\/div>\n\n<\/li><li class=\"wp-block-post post-651 initiatives type-initiatives status-publish has-post-thumbnail hentry category-neurology\">\n\n<div class=\"wp-block-columns is-layout-flex wp-container-12 wp-block-columns-is-layout-flex\">\n<div class=\"wp-block-column is-layout-flow wp-block-column-is-layout-flow\">\n<div class=\"wp-block-group col-540 is-content-justification-left is-layout-constrained wp-container-9 wp-block-group-is-layout-constrained\"><div class=\"taxonomy-category eyebrow--blue wp-block-post-terms\"><a href=\"https:\/\/aiwithroche.ca\/fr\/category\/neurology\/\" rel=\"tag\">Neurologie<\/a><\/div>\n\n<h2 class=\"wp-block-post-title\">Pour en finir avec la SLA<\/h2>\n\n<div class=\"wp-block-post-excerpt\"><p class=\"wp-block-post-excerpt__excerpt\">Le Centre d\u2019excellence en intelligence artificielle de Roche Canada (CdE IA) est ravi de collaborer avec Answer ALS et EverythingALS dans le cadre de son initiative Pour en finir avec la SLA, avec le soutien de la Soci\u00e9t\u00e9 canadienne de la scl\u00e9rose lat\u00e9rale amyotrophique, l\u2019Institut ontarien du cerveau et NetraMark Corp. <\/p><\/div>\n\n\n<div style=\"height:32px\" aria-hidden=\"true\" class=\"wp-block-spacer\"><\/div>\n\n\n\n        <a\n        href=\"https:\/\/aiwithroche.ca\/fr\/initiatives\/endals\/\"\n        class=\"button\"\n        style=\"backgroundColor:#FD7372\"\n        rel=\"noopener\"\n        target=\"_self\"\n        >\n            Find out more\n            <div class=\"\"><\/div>\n        <\/a>\n    <\/div>\n<\/div>\n\n\n\n<div class=\"wp-block-column is-layout-flow wp-block-column-is-layout-flow\"><figure class=\"wp-block-post-featured-image\"><img loading=\"lazy\" width=\"1126\" height=\"970\" src=\"https:\/\/aiwithroche.ca\/fr\/wp-content\/uploads\/sites\/2\/2023\/07\/end-als.png\" class=\"attachment-post-thumbnail size-post-thumbnail wp-post-image\" alt=\"\" decoding=\"async\" style=\"object-fit:cover;\" srcset=\"https:\/\/aiwithroche.ca\/fr\/wp-content\/uploads\/sites\/2\/2023\/07\/end-als.png 1126w, https:\/\/aiwithroche.ca\/fr\/wp-content\/uploads\/sites\/2\/2023\/07\/end-als-300x258.png 300w, https:\/\/aiwithroche.ca\/fr\/wp-content\/uploads\/sites\/2\/2023\/07\/end-als-1024x882.png 1024w, https:\/\/aiwithroche.ca\/fr\/wp-content\/uploads\/sites\/2\/2023\/07\/end-als-768x662.png 768w\" sizes=\"(max-width: 1126px) 100vw, 1126px\" \/><\/figure><\/div>\n<\/div>\n\n<\/li><li class=\"wp-block-post post-880 initiatives type-initiatives status-publish has-post-thumbnail hentry category-oncology\">\n\n<div class=\"wp-block-columns is-layout-flex wp-container-16 wp-block-columns-is-layout-flex\">\n<div class=\"wp-block-column is-layout-flow wp-block-column-is-layout-flow\">\n<div class=\"wp-block-group col-540 is-content-justification-left is-layout-constrained wp-container-13 wp-block-group-is-layout-constrained\"><div class=\"taxonomy-category eyebrow--blue wp-block-post-terms\"><a href=\"https:\/\/aiwithroche.ca\/fr\/category\/oncology\/\" rel=\"tag\">Oncologie<\/a><\/div>\n\n<h2 class=\"wp-block-post-title\">Plateforme intelligente de pr\u00e9cision en oncologie pour cr\u00e9er des biomarqueurs fond\u00e9s sur l\u2019ARN en vue de pr\u00e9dire la r\u00e9ponse \u00e0 un m\u00e9dicament<\/h2>\n\n<div class=\"wp-block-post-excerpt\"><p class=\"wp-block-post-excerpt__excerpt\">Ce projet vise \u00e0 cr\u00e9er une nouvelle plateforme intelligente \u00e0 partir de donn\u00e9es sur le s\u00e9quen\u00e7age de l\u2019ARN en vue de faciliter l\u2019appariement de chaque patient atteint d\u2019un cancer \u00e0 un traitement appropri\u00e9. La principale innovation du syst\u00e8me est sa capacit\u00e9 \u00e0 tirer parti des donn\u00e9es pharmacog\u00e9nomiques pr\u00e9cliniques \u00e0 grande \u00e9chelle, en plus de divers&hellip; <\/p><\/div>\n\n\n<div style=\"height:32px\" aria-hidden=\"true\" class=\"wp-block-spacer\"><\/div>\n\n\n\n        <a\n        href=\"https:\/\/www.bhklab.ca\/\"\n        class=\"button\"\n        style=\"backgroundColor:#FD7372\"\n        rel=\"noopener\"\n        target=\"_blank\"\n        >\n            Find out more\n            <div class=\"\"><\/div>\n        <\/a>\n    <\/div>\n<\/div>\n\n\n\n<div class=\"wp-block-column is-layout-flow wp-block-column-is-layout-flow\"><figure class=\"wp-block-post-featured-image\"><img loading=\"lazy\" width=\"1200\" height=\"1078\" src=\"https:\/\/aiwithroche.ca\/fr\/wp-content\/uploads\/sites\/2\/2023\/08\/oncology-platform.png\" class=\"attachment-post-thumbnail size-post-thumbnail wp-post-image\" alt=\"\" decoding=\"async\" style=\"object-fit:cover;\" srcset=\"https:\/\/aiwithroche.ca\/fr\/wp-content\/uploads\/sites\/2\/2023\/08\/oncology-platform.png 1200w, https:\/\/aiwithroche.ca\/fr\/wp-content\/uploads\/sites\/2\/2023\/08\/oncology-platform-300x270.png 300w, https:\/\/aiwithroche.ca\/fr\/wp-content\/uploads\/sites\/2\/2023\/08\/oncology-platform-1024x920.png 1024w, https:\/\/aiwithroche.ca\/fr\/wp-content\/uploads\/sites\/2\/2023\/08\/oncology-platform-768x690.png 768w\" sizes=\"(max-width: 1200px) 100vw, 1200px\" \/><\/figure><\/div>\n<\/div>\n\n<\/li><li class=\"wp-block-post post-664 initiatives type-initiatives status-publish has-post-thumbnail hentry category-research\">\n\n<div class=\"wp-block-columns is-layout-flex wp-container-20 wp-block-columns-is-layout-flex\">\n<div class=\"wp-block-column is-layout-flow wp-block-column-is-layout-flow\">\n<div class=\"wp-block-group col-540 is-content-justification-left is-layout-constrained wp-container-17 wp-block-group-is-layout-constrained\"><div class=\"taxonomy-category eyebrow--blue wp-block-post-terms\"><a href=\"https:\/\/aiwithroche.ca\/fr\/category\/research\/\" rel=\"tag\">Recherche<\/a><\/div>\n\n<h2 class=\"wp-block-post-title\">Camp d\u2019entra\u00eenement sur les donn\u00e9es de synth\u00e8se<\/h2>\n\n<div class=\"wp-block-post-excerpt\"><p class=\"wp-block-post-excerpt__excerpt\">Des chercheurs issus de divers secteurs se sont mobilis\u00e9s pour participer au camp d\u2019entra\u00eenement du Vector Institute sur les donn\u00e9es de synth\u00e8se. Il s\u2019agit de trois journ\u00e9es d\u2019\u00e9tude intensives portant sur les tendances actuelles en mati\u00e8re de donn\u00e9es de synth\u00e8se. Des experts en science des donn\u00e9es et des bioinformaticiens ont \u00e9tendu leur base de connaissances&hellip; <\/p><\/div>\n\n\n<div style=\"height:32px\" aria-hidden=\"true\" class=\"wp-block-spacer\"><\/div>\n\n\n<\/div>\n<\/div>\n\n\n\n<div class=\"wp-block-column is-layout-flow wp-block-column-is-layout-flow\"><figure class=\"wp-block-post-featured-image\"><img loading=\"lazy\" width=\"1200\" height=\"1079\" src=\"https:\/\/aiwithroche.ca\/fr\/wp-content\/uploads\/sites\/2\/2023\/07\/synthetic-data-bootcamp-1.png\" class=\"attachment-post-thumbnail size-post-thumbnail wp-post-image\" alt=\"\" decoding=\"async\" style=\"object-fit:cover;\" srcset=\"https:\/\/aiwithroche.ca\/fr\/wp-content\/uploads\/sites\/2\/2023\/07\/synthetic-data-bootcamp-1.png 1200w, https:\/\/aiwithroche.ca\/fr\/wp-content\/uploads\/sites\/2\/2023\/07\/synthetic-data-bootcamp-1-300x270.png 300w, https:\/\/aiwithroche.ca\/fr\/wp-content\/uploads\/sites\/2\/2023\/07\/synthetic-data-bootcamp-1-1024x921.png 1024w, https:\/\/aiwithroche.ca\/fr\/wp-content\/uploads\/sites\/2\/2023\/07\/synthetic-data-bootcamp-1-768x691.png 768w\" sizes=\"(max-width: 1200px) 100vw, 1200px\" \/><\/figure><\/div>\n<\/div>\n\n<\/li><\/ul><\/section>\n<\/div><\/div>\n<\/section>\n\n\n\n<div class=\"section-anchor\" id=\"events\"><\/div><section style=\"background-color:#f8f4f0\" class=\"wp-block-aiwithroche-section\">\n<div class=\"carousel swiper\"><header class=\"carousel-header container\"><h2 class=\"h2\">Events<\/h2><div class=\"carousel-controls\"><div class=\"swiper-button-prev\"><\/div><div class=\"swiper-button-next\"><\/div><\/div><\/header><div class=\"swiper-wrapper\">\n                <div class=\"swiper-slide\">\n                    <div class=\"card\">\n                        <header class=\"card-header\">Avril 2023<\/header>\n                        <div class=\"card-content\">\n                            <h2>Activit\u00e9 d\u2019\u00e9change de connaissances entre Turing et Roche\u00a0: l\u2019IA et l\u2019\u00e9quit\u00e9 en sant\u00e9<\/h2>\n                            <!-- wp:paragraph -->\n<p>Activit\u00e9 d\u2019\u00e9change de connaissances entre Turing et Roche&nbsp;: l\u2019IA et l\u2019\u00e9quit\u00e9 en sant\u00e9 \nVoici une s\u00e9rie d\u2019activit\u00e9s tenues dans le cadre du partenariat entre Turing et Roche, qui vise \u00e0 pr\u00e9senter les derni\u00e8res nouvelles et \u00e0 \u00e9changer connaissances et r\u00e9flexions sur la recherche et l\u2019industrie. Cette activit\u00e9 a mis en vedette Vicky Hellon, gestionnaire de communaut\u00e9 pour le partenariat Turing-Roche; Honghan Wu, associ\u00e9 chez Turing et professeur adjoint au Institute of Health Informatics, University College London; Fanny Sie, chef des collaborations en mati\u00e8re d\u2019IA et de technologies externes \u00e9mergentes ainsi que Joshua Hoang, partenaire en IA et Sant\u00e9 num\u00e9rique, tous deux chez Roche. Honghan Wu a offert une pr\u00e9sentation sur l\u2019\u00e9quit\u00e9 en IA et son potentiel d\u2019enrichissement de la prise de d\u00e9cisions cliniques, \u00e9voquant les difficult\u00e9s inh\u00e9rentes \u00e0 la d\u00e9finition de l\u2019\u00e9quit\u00e9 et les raisons pour lesquels les mesures actuelles n\u2019ont pas \u00e9t\u00e9 ad\u00e9quatement adopt\u00e9es par l\u2019IA appliqu\u00e9e \u00e0 la m\u00e9decine. Fanny Sie et Joshua Hoang ont ensuite parl\u00e9 de l\u2019utilisation de l\u2019IA chez Roche, et de sa coalition qui a pour objectif de rallier tout l\u2019\u00e9cosyst\u00e8me de la sant\u00e9. Ils ont donn\u00e9 \u00e0 leurs auditeurs un aper\u00e7u des projets actuels de la coalition, qui contribuent \u00e0 l\u2019\u00e9quit\u00e9 en sant\u00e9 par l\u2019utilisation de donn\u00e9es scientifiques ouvertes.<\/p>\n<!-- \/wp:paragraph --><div class=\"card-link\">\n                        <a class=\"button--outline\" href=\"https:\/\/www.youtube.com\/watch?v=wtQM8uS0Ntk\" target=\"_blank\">Visionner l\u2019enregistrement <\/a>\n                    <\/div>\n                        <\/div>\n                    <\/div>\n                <\/div>\n                \n                <div class=\"swiper-slide\">\n                    <div class=\"card\">\n                        <header class=\"card-header\">31\u00a0mai\u00a02023<\/header>\n                        <div class=\"card-content\">\n                            <h2>Xcelerate RARE\u00a0: d\u00e9fi sur les donn\u00e9es scientifiques ouvertes dans le domaine des maladies rares<\/h2>\n                            Les maladies rares sont extr\u00eamement difficiles \u00e0 traiter et \u00e0 diagnostiquer. Elles repr\u00e9sentent aussi un v\u00e9ritable fardeau pour les personnes touch\u00e9es et pour leurs soignants; en effet, il n\u2019existe un traitement approuv\u00e9 par la FDA que pour environ 5\u00a0pour cent des maladies rares connues, alors qu\u2019on en d\u00e9nombre plus de 10\u00a0000.\n\naiR a donc form\u00e9 un partenariat collaboratif avec RARE-X Global Genes pour surmonter les obstacles rencontr\u00e9s par les patients, en \u00e9changeant des donn\u00e9es de fa\u00e7on responsable et en faisant de la recherche.\n\nNous sommes donc heureux d\u2019annoncer le lancement du d\u00e9fi sur les donn\u00e9es scientifiques ouvertes dans le domaine des #maladiesrares. Il rassemblera chercheurs, cliniciens, sp\u00e9cialistes des donn\u00e9es et patients au sein d\u2019un milieu ouvert qui promet de stimuler la d\u00e9couverte scientifique.<div class=\"card-link\">\n                        <a class=\"button--outline\" href=\"https:\/\/go.globalgenes.org\/osdc-may\" target=\"_blank\">Voir les d\u00e9tails<\/a>\n                    <\/div>\n                        <\/div>\n                    <\/div>\n                <\/div>\n                <\/div><\/div>\n<\/section>\n","protected":false},"excerpt":{"rendered":"","protected":false},"author":1,"featured_media":0,"parent":0,"menu_order":5,"comment_status":"closed","ping_status":"closed","template":"","meta":{"inline_featured_image":false,"footnotes":""},"_links":{"self":[{"href":"https:\/\/aiwithroche.ca\/fr\/wp-json\/wp\/v2\/pages\/151"}],"collection":[{"href":"https:\/\/aiwithroche.ca\/fr\/wp-json\/wp\/v2\/pages"}],"about":[{"href":"https:\/\/aiwithroche.ca\/fr\/wp-json\/wp\/v2\/types\/page"}],"author":[{"embeddable":true,"href":"https:\/\/aiwithroche.ca\/fr\/wp-json\/wp\/v2\/users\/1"}],"replies":[{"embeddable":true,"href":"https:\/\/aiwithroche.ca\/fr\/wp-json\/wp\/v2\/comments?post=151"}],"version-history":[{"count":3,"href":"https:\/\/aiwithroche.ca\/fr\/wp-json\/wp\/v2\/pages\/151\/revisions"}],"predecessor-version":[{"id":1026,"href":"https:\/\/aiwithroche.ca\/fr\/wp-json\/wp\/v2\/pages\/151\/revisions\/1026"}],"wp:attachment":[{"href":"https:\/\/aiwithroche.ca\/fr\/wp-json\/wp\/v2\/media?parent=151"}],"curies":[{"name":"wp","href":"https:\/\/api.w.org\/{rel}","templated":true}]}}