{"id":153,"date":"2023-06-29T14:14:48","date_gmt":"2023-06-29T14:14:48","guid":{"rendered":"http:\/\/ai-with-roche-phase-2.local\/?page_id=153"},"modified":"2024-04-26T17:29:03","modified_gmt":"2024-04-26T17:29:03","slug":"contact-us","status":"publish","type":"page","link":"https:\/\/aiwithroche.ca\/fr\/contact-us\/","title":{"rendered":"Contactez-nous"},"content":{"rendered":"\n<header class=\"wp-block-aiwithroche-generic-banner generic-banner\"><div class=\"generic-banner-photo-container\"><div class=\"generic-banner-photo\" style=\"background-image:url(https:\/\/d2pho58alywaeq.cloudfront.net\/fr\/wp-content\/uploads\/sites\/2\/2023\/09\/Contact-Hero.jpg)\" data-id=\"905\"><\/div><div class=\"generic-banner-photo-overlay\"><\/div><\/div><img decoding=\"async\" src=\"https:\/\/d2pho58alywaeq.cloudfront.net\/fr\/wp-content\/uploads\/sites\/2\/2023\/07\/contact-graphic-2.svg\" class=\"generic-banner-graphic\" alt=\"\" data-id=\"769\"\/><div class=\"container\"><div class=\"container-inner\"><div class=\"generic-banner-content-wrapper\"><div class=\"generic-banner-content\">\n<h1 class=\"wp-block-heading\">Contactez-nous<\/h1>\n<\/div><\/div><\/div><\/div><\/header>\n\n\n\n<div class=\"section-anchor\" id=\"\"><\/div><section style=\"background-color:#fff\" class=\"wp-block-aiwithroche-section\">\n<div class=\"wp-block-aiwithroche-singlecolumn container--small left-content\"><div class=\"container-inner\">\n<p class=\"h2\">Faites-nous part de vos objectifs et difficult\u00e9s en mati\u00e8re d\u2019adoption de l\u2019IA et nous communiquerons avec vous sous peu!<\/p>\n\n\n\n<p class=\"has-roche-text-blue-color has-text-color has-large-font-size\"><a href=\"mailto:oneroche.air@roche.com\"><strong>oneroche.air@roche.com<\/strong><\/a><\/p>\n\n\n\n<div style=\"height:32px\" aria-hidden=\"true\" class=\"wp-block-spacer\"><\/div>\n\n\n\n<h3 class=\"wp-block-heading\">Quels renseignements inclure \u00e0 votre message?<\/h3>\n\n\n\n<ul>\n<li>Une br\u00e8ve pr\u00e9sentation de votre organisation.<\/li>\n\n\n\n<li>Vous souhaitez participer \u00e0 une initiative en cours ou avez l\u2019id\u00e9e d\u2019une nouvelle initiative?<\/li>\n\n\n\n<li>Vous souhaitez participer \u00e0 l\u2019int\u00e9gration de l\u2019IA \u00e0 la pratique m\u00e9dicale, renseigner les membres de votre organisation quant \u00e0 l\u2019utilisation de l\u2019IA en sant\u00e9, ou contribuer \u00e0 la mise sur pied des \u00e9tudes sur l\u2019IA?<\/li>\n\n\n\n<li>Que devrions-nous savoir d\u2019autre?<\/li>\n<\/ul>\n\n\n\n<div style=\"height:32px\" aria-hidden=\"true\" class=\"wp-block-spacer\"><\/div>\n\n\n\n<h3 class=\"wp-block-heading\">Renseignement \u00e0 ne pas inclure \u00e0 votre message<\/h3>\n\n\n\n<ul>\n<li>Renseignements confidentiels ou exclusifs<\/li>\n<\/ul>\n<\/div><\/div>\n<\/section>\n","protected":false},"excerpt":{"rendered":"","protected":false},"author":1,"featured_media":0,"parent":0,"menu_order":6,"comment_status":"closed","ping_status":"closed","template":"","meta":{"inline_featured_image":false,"footnotes":""},"_links":{"self":[{"href":"https:\/\/aiwithroche.ca\/fr\/wp-json\/wp\/v2\/pages\/153"}],"collection":[{"href":"https:\/\/aiwithroche.ca\/fr\/wp-json\/wp\/v2\/pages"}],"about":[{"href":"https:\/\/aiwithroche.ca\/fr\/wp-json\/wp\/v2\/types\/page"}],"author":[{"embeddable":true,"href":"https:\/\/aiwithroche.ca\/fr\/wp-json\/wp\/v2\/users\/1"}],"replies":[{"embeddable":true,"href":"https:\/\/aiwithroche.ca\/fr\/wp-json\/wp\/v2\/comments?post=153"}],"version-history":[{"count":2,"href":"https:\/\/aiwithroche.ca\/fr\/wp-json\/wp\/v2\/pages\/153\/revisions"}],"predecessor-version":[{"id":1024,"href":"https:\/\/aiwithroche.ca\/fr\/wp-json\/wp\/v2\/pages\/153\/revisions\/1024"}],"wp:attachment":[{"href":"https:\/\/aiwithroche.ca\/fr\/wp-json\/wp\/v2\/media?parent=153"}],"curies":[{"name":"wp","href":"https:\/\/api.w.org\/{rel}","templated":true}]}}